{"id":55,"date":"2014-06-19T02:00:38","date_gmt":"2014-06-19T02:00:38","guid":{"rendered":"https:\/\/modernthemes.net\/demo\/blackandwhite\/?page_id=55"},"modified":"2026-02-19T08:58:07","modified_gmt":"2026-02-19T08:58:07","slug":"about","status":"publish","type":"page","link":"http:\/\/heikealbrecht.net\/ha\/de\/","title":{"rendered":""},"content":{"rendered":"<p><span style=\"font-size: 14pt; font-family: helvetica, arial, sans-serif;\"><strong>KURATORIN | DRAMATURGIN | MENTORIN<\/strong><\/span><\/p>\n<p><span style=\"font-size: 12pt; font-family: helvetica, arial, sans-serif;\"><strong>Heike Albrecht<\/strong>\u00a0ist Kuratorin\u00a0im interdisziplin\u00e4ren Programmbereich der Darstellenden K\u00fcnste, mit dem Schwerpunkt zeitgen\u00f6ssischer Tanz und Performance.<br \/>\nIm Zentrum ihrer Arbeit besch\u00e4ftigt sie sich mit Intentionen und Interaktionen, die die Konkretheit des K\u00f6rpers \u00fcbersetzen \/ \u00fcbersetzbar halten. In Verbindung stehen dabei Aspekte der <span lang=\"de-CH\">Zeitgeschichte und<\/span> <span lang=\"de-CH\">Stadtraumentwicklungen innerhalb einer sich ver\u00e4ndernden Gesellschaft <\/span><span lang=\"de-CH\">und ihren Gemeinschaften<\/span><span lang=\"de-CH\">, <\/span><span lang=\"de-CH\">um diese<\/span><span lang=\"de-CH\"> k\u00fcnstlerisch zu verhandeln. <\/span><span lang=\"de-CH\">Eine weitere zentrale Rolle nehmen <\/span><span lang=\"de-CH\">die Einbindung <\/span><span lang=\"de-CH\">von Tanzwissenschaft, <\/span><span lang=\"de-CH\">K\u00f6rpergeschichte <\/span><span lang=\"de-CH\">und <\/span><span lang=\"de-CH\">die <\/span><span lang=\"de-CH\">Reflexion <\/span><span lang=\"de-CH\">von<\/span><span lang=\"de-CH\"> Bild<\/span><span lang=\"de-CH\">kulturen ein. In Walking Acts entwickelte sie eine Fotografische Praxis, um \u00fcber die gegenw\u00e4rtige Verg\u00e4nglichkeit und den Verlust kultureller Zeugnisse zu reflektieren.\u00a0<\/span><\/span><\/p>\n<p><span style=\"font-size: 12pt; font-family: helvetica, arial, sans-serif;\"><strong>CV<\/strong><\/span><br \/>\n<span style=\"font-family: helvetica, arial, sans-serif;\"> <span style=\"font-size: 12pt;\"> Heike Albrecht leitete von 1999 \u2013 2002 das Tanz\u00a0| Performing Arts Programm am<strong> Theater\u00a0LOFFT<\/strong> in Leipzig. In Kooperation mit dem Tanzarchiv Leipzig e.V. fand dort 2000 die internationale Konferenz<strong> Moving Thoughts \u2013 Tanzen ist Denken<\/strong> statt. Als K\u00fcnstlerische Leiterin des Festivalformats Westend entwickelte sie eine interdisziplin\u00e4re Plattform mit den Ausgaben <strong>Westend 04 Maybe the sky is green and we are just colorblind<\/strong> und <strong>Westend 05 know your rights<\/strong>.\u00a0Sie kuratierte die <strong>Tanznacht Berlin 2006<\/strong> an der Akademie der K\u00fcnste, Berlin und das Festivalformat <strong>Tanz made in Berlin<\/strong>. Von 2007 bis 2010 war sie\u00a0Intendantin | K\u00fcnstlerische Leiterin der <strong>Sophiensaele<\/strong> in Berlin. Anschlie\u00dfend\u00a0<\/span><span style=\"font-size: 12pt;\">entwickelte sie\u00a0im Auftrag des Goethe-Instituts in Ljubljana, Slowenien als k\u00fcnstlerische Leiterin die\u00a0Programreihe <strong>As we speak \u2013 Zuk\u00fcnftige Sprachen<\/strong>\u00a0im Rahmen der <strong>Europ\u00e4ischen Kulturhauptstadt \u201eMaribor 2012\u201c<\/strong>.\u00a0Als Dramaturgin\/Programmleiterin gestaltete sie das Programm f\u00fcr das Theaterfestival\u00a0<strong>FAVORITEN 2012<\/strong>, dem\u00a0seit 1985 bestehenden und damit \u00e4ltesten Festival der Freien Theater Deutschlands. Es folgte die k\u00fcnstlerische Leitung der\u00a0<strong>8. Tanznacht Berlin\u00a0<\/strong>in einer Zusammenarbeit zwischen der\u00a0Tanzfabrik Berlin und Galerie Ebensperger.\u00a0<span lang=\"de-DE\">Auf Einladung des <strong>Goethe-Instituts Chicago<\/strong> entstand\u00a0im Rahmen der Residenzreihe <\/span><span lang=\"de-DE\"><b>A little piece of Bauhaus<\/b><\/span>\u00a0und\u00a0<span lang=\"de-DE\">i<\/span><span lang=\"de-DE\">n Zusammenarbeit mit dem Studiengang Fashion, Body, Garment am School of the Art Institut of Chicago die Fotoreihe <\/span><span lang=\"de-DE\"><b>Spurenbewegung<\/b><\/span><span lang=\"de-DE\">. F\u00fcr die Programmreihe <\/span><span lang=\"de-DE\"><b>Was der K\u00f6rper erinnert. Zur Aktualit\u00e4t des Tanzerbes<\/b><\/span> <span lang=\"de-DE\">war sie von 2018 &#8211; 2019 Kuratorin an der Akademie der K\u00fcnste, Berlin. In\u00a0<\/span><span lang=\"it-IT\">2021 co-kuratierte sie die Programmreihe <\/span><span lang=\"it-IT\"><b>35 Jahre Umwelt-Bibliothek &#8211; Veranstaltungen aus der Vogelperspektive<\/b><\/span>\u00a0<span lang=\"it-IT\">an der Zionskirche Berlin.\u00a0Als Produzentin und Projektleiterin verantwortete sie die<\/span><span lang=\"it-IT\">\u00a0Auftaktveranstaltung der Initiative der\u00a0<\/span><span lang=\"it-IT\"><b>Syrian Cassette Archives<\/b><\/span><span lang=\"it-IT\">\u00a0an der Akademie der K\u00fcnste, Berlin. 2022 initiierte sie die Tagung <strong>Dancescape &#8211; Eine <\/strong><\/span><\/span><\/span><span style=\"font-size: 10pt;\"><span style=\"font-family: Arial, sans-serif; font-size: 12pt;\"><strong>Recherche \u00fcber landschaftsbezogene Tanz- und Performancepraktiken<\/strong>. <\/span><\/span><span style=\"font-family: helvetica, arial, sans-serif;\"><span style=\"font-size: 12pt;\"><span lang=\"it-IT\">2023\/2025 initierte sie die Interview- und Veranstaltungsreihe <strong>den Bedingungen von Humanit\u00e4t und Humanismus auf den Grund gehen \u2013 Susanne Kerckhoffs \u00b4Berliner Briefe`<\/strong>.<br \/>\nAktuell bereitet sie die Ausstellung <strong>Susanne Kerckhoff. LANGE IST ES NICHT HER. UND JETZT IST ES SOWEIT.<\/strong> im Mitte Museum Berlin vor, die am 9. September 2026 er\u00f6ffnet.<br \/>\n<\/span>Dar\u00fcber hinaus arbeitet sie als Dramaturgin, Mentorin und Jurorin mit dem Schwerpunkt Performing Arts und Tanz.<\/span><\/span><br \/>\n<span lang=\"de-DE\" style=\"font-size: 12pt; font-family: helvetica, arial, sans-serif;\"> Heike Albrecht studierte nach ihrer p\u00e4dagogischen Laufbahn Tanz und Performing Arts am Moving On Center \u2013 School for Participatory Arts and Research in Oakland, CA. <\/span><\/p>\n<p><span style=\"font-family: helvetica, arial, sans-serif;\"><span style=\"font-size: 12pt;\"><span lang=\"de-DE\"><strong>GREMIEN<\/strong> (Auswahl)<br \/>\n<\/span>2001 Jury Nationales Performance Netz, M\u00fcnchen | 2003 Bauhaus Dessau, Kuratorin Tanz\/Urban Lab | <span lang=\"de-CH\">2007 \u2013 2009 Jury Tanzstipendium der Kulturverwaltung des Berliner Senats |<\/span><span lang=\"de-CH\">\u00a02009 &#8211; 2011 Mitglied k\u00fcnstlerischer Beirat Goethe-Institut |<\/span><span lang=\"de-CH\"> 2012\/13 Jurymitglied \u201eAugenblick Mal! 2013\u201c Festival des Theaters f\u00fcr junges Publikum | 2015 Jury BEST<\/span><span lang=\"de-CH\">OFF<\/span><\/span><span lang=\"de-CH\"><span style=\"font-size: 12pt;\">STYRIA | seit 2012 Expertin f\u00fcr Tanz und Juryleitung f\u00fcr das Tanzstipendium der CAA &#8211; Contemporary Arts Alliance Berlin | 2014 \u2013 2016 Kuratorium Fonds Darstellende K\u00fcnste | 2017 \u2013 2020 Jurymitglied f\u00fcr Theater-\/ Tanzgruppen der Freien Szene der Senatsverwaltung f\u00fcr Kultur und Europa Berlin | 2020 &#8211; 2026 Jurymitglied im Landesverband freie Theater Brandenburg am MfWFK Ministerium f\u00fcr Wissenschaft, Forschung und Kultur des Landes Brandenburg<\/span> <\/span><\/span><\/p>","protected":false},"excerpt":{"rendered":"<p>KURATORIN | DRAMATURGIN | MENTORIN Heike Albrecht\u00a0ist Kuratorin\u00a0im interdisziplin\u00e4ren Programmbereich der Darstellenden K\u00fcnste, mit dem Schwerpunkt zeitgen\u00f6ssischer Tanz und Performance. Im Zentrum ihrer Arbeit besch\u00e4ftigt sie sich mit Intentionen und Interaktionen, die die Konkretheit des K\u00f6rpers \u00fcbersetzen \/ \u00fcbersetzbar halten. In Verbindung stehen dabei Aspekte der Zeitgeschichte und Stadtraumentwicklungen innerhalb einer sich ver\u00e4ndernden Gesellschaft und [&hellip;]<\/p>\n","protected":false},"author":1,"featured_media":1302,"parent":0,"menu_order":0,"comment_status":"closed","ping_status":"closed","template":"","meta":{"_FSMCFIC_featured_image_caption":"","_FSMCFIC_featured_image_nocaption":"","_FSMCFIC_featured_image_hide":""},"_links":{"self":[{"href":"http:\/\/heikealbrecht.net\/ha\/de\/wp-json\/wp\/v2\/pages\/55"}],"collection":[{"href":"http:\/\/heikealbrecht.net\/ha\/de\/wp-json\/wp\/v2\/pages"}],"about":[{"href":"http:\/\/heikealbrecht.net\/ha\/de\/wp-json\/wp\/v2\/types\/page"}],"author":[{"embeddable":true,"href":"http:\/\/heikealbrecht.net\/ha\/de\/wp-json\/wp\/v2\/users\/1"}],"replies":[{"embeddable":true,"href":"http:\/\/heikealbrecht.net\/ha\/de\/wp-json\/wp\/v2\/comments?post=55"}],"version-history":[{"count":145,"href":"http:\/\/heikealbrecht.net\/ha\/de\/wp-json\/wp\/v2\/pages\/55\/revisions"}],"predecessor-version":[{"id":1676,"href":"http:\/\/heikealbrecht.net\/ha\/de\/wp-json\/wp\/v2\/pages\/55\/revisions\/1676"}],"wp:featuredmedia":[{"embeddable":true,"href":"http:\/\/heikealbrecht.net\/ha\/de\/wp-json\/wp\/v2\/media\/1302"}],"wp:attachment":[{"href":"http:\/\/heikealbrecht.net\/ha\/de\/wp-json\/wp\/v2\/media?parent=55"}],"curies":[{"name":"wp","href":"https:\/\/api.w.org\/{rel}","templated":true}]}}