{"id":276,"date":"2017-02-28T12:05:50","date_gmt":"2017-02-28T12:05:50","guid":{"rendered":"http:\/\/heikealbrecht.net\/ha\/?page_id=276"},"modified":"2023-01-04T12:38:46","modified_gmt":"2023-01-04T12:38:46","slug":"deutsch-kontakt-impressum","status":"publish","type":"page","link":"http:\/\/heikealbrecht.net\/ha\/de\/deutsch-kontakt-impressum\/","title":{"rendered":"kontakt \/ impressum"},"content":{"rendered":"<p><span style=\"font-family: helvetica, arial, sans-serif; font-size: 12pt;\">Kontakt<\/span><br \/>\n<span style=\"font-family: helvetica, arial, sans-serif; font-size: 12pt;\"> ha@heikealbrecht.net<\/span><\/p>\n<p><span style=\"font-family: helvetica, arial, sans-serif; font-size: 12pt;\">Impressum<\/span><br \/>\n<span style=\"font-family: helvetica, arial, sans-serif; font-size: 12pt;\"> Heike Albrecht, Bergstra\u00dfe 79, D &#8211; 10115 Berlin<\/span><br \/>\n<span style=\"font-family: helvetica, arial, sans-serif; font-size: 12pt;\"> Verantwortlich f\u00fcr den Inhalt: Heike Albrecht<\/span><br \/>\n<span style=\"font-family: helvetica, arial, sans-serif; font-size: 12pt;\"> Haftungsausschluss: Alle Informationen sind nach bestem Wissen und Gewissen erstellt. F\u00fcr die Richtigkeit und Vollst\u00e4ndigkeit der Daten sowie die technische Funktion wird keine Gew\u00e4hr \u00fcbernommen. Inhalte k\u00f6nnen ohne vorherige Mitteilung jederzeit ge\u00e4ndert oder gel\u00f6scht werden.<\/span><br \/>\n<span style=\"font-family: helvetica, arial, sans-serif; font-size: 12pt;\"> Haftungshinweis: Trotz sorgf\u00e4ltiger inhaltlicher Kontrolle wird keine Haftung f\u00fcr die Inhalte externer Links \u00fcbernommen. F\u00fcr den Inhalt der verlinkten Seiten sind ausschlie\u00dflich deren Betreiber verantwortlich.<\/span><br \/>\n<span style=\"font-family: helvetica, arial, sans-serif; font-size: 12pt;\"> Urheberrecht: Alle Texte, Grafiken und Bilder der Website unterliegen dem Nachweis und sind eventuell durch Dritte urheberrechtlich gesch\u00fctzt. Kein Teil dieser Publikation darf ohne schriftliche Genehmigung reproduziert und unter Verwendung elektronischer Systeme verarbeitet, vervielf\u00e4ltigt oder verbreitet werden.<\/span><\/p>","protected":false},"excerpt":{"rendered":"<p>Kontakt ha@heikealbrecht.net Impressum Heike Albrecht, Bergstra\u00dfe 79, D &#8211; 10115 Berlin Verantwortlich f\u00fcr den Inhalt: Heike Albrecht Haftungsausschluss: Alle Informationen sind nach bestem Wissen und Gewissen erstellt. F\u00fcr die Richtigkeit und Vollst\u00e4ndigkeit der Daten sowie die technische Funktion wird keine Gew\u00e4hr \u00fcbernommen. Inhalte k\u00f6nnen ohne vorherige Mitteilung jederzeit ge\u00e4ndert oder gel\u00f6scht werden. Haftungshinweis: Trotz sorgf\u00e4ltiger [&hellip;]<\/p>\n","protected":false},"author":2,"featured_media":0,"parent":0,"menu_order":0,"comment_status":"closed","ping_status":"closed","template":"","meta":{"_FSMCFIC_featured_image_caption":"","_FSMCFIC_featured_image_nocaption":null,"_FSMCFIC_featured_image_hide":null},"_links":{"self":[{"href":"http:\/\/heikealbrecht.net\/ha\/de\/wp-json\/wp\/v2\/pages\/276"}],"collection":[{"href":"http:\/\/heikealbrecht.net\/ha\/de\/wp-json\/wp\/v2\/pages"}],"about":[{"href":"http:\/\/heikealbrecht.net\/ha\/de\/wp-json\/wp\/v2\/types\/page"}],"author":[{"embeddable":true,"href":"http:\/\/heikealbrecht.net\/ha\/de\/wp-json\/wp\/v2\/users\/2"}],"replies":[{"embeddable":true,"href":"http:\/\/heikealbrecht.net\/ha\/de\/wp-json\/wp\/v2\/comments?post=276"}],"version-history":[{"count":12,"href":"http:\/\/heikealbrecht.net\/ha\/de\/wp-json\/wp\/v2\/pages\/276\/revisions"}],"predecessor-version":[{"id":1391,"href":"http:\/\/heikealbrecht.net\/ha\/de\/wp-json\/wp\/v2\/pages\/276\/revisions\/1391"}],"wp:attachment":[{"href":"http:\/\/heikealbrecht.net\/ha\/de\/wp-json\/wp\/v2\/media?parent=276"}],"curies":[{"name":"wp","href":"https:\/\/api.w.org\/{rel}","templated":true}]}}