{"id":223,"date":"2017-02-21T10:24:34","date_gmt":"2017-02-21T10:24:34","guid":{"rendered":"http:\/\/heikealbrecht.net\/ha\/?page_id=223"},"modified":"2017-02-21T12:46:30","modified_gmt":"2017-02-21T12:46:30","slug":"bretschneider-frank","status":"publish","type":"page","link":"http:\/\/heikealbrecht.net\/ha\/de\/people\/bretschneider-frank\/","title":{"rendered":"Bretschneider, Frank"},"content":{"rendered":"<p><strong>Frank Bretschneider\u00a0<\/strong>(geboren 1956) ist ein Berliner Musiker, Komponist und Videok\u00fcnstler<\/p>\n<p>bekannt f\u00fcr komplexe Rhythmusstrukturen, pr\u00e4zises Timing und verschachtelte Texturen und f\u00fcr seinen minimalen und fliesenden Zugang zur Musik. Bretschneiders subtile und detaillierte Musik wird durch seine Visualien wiedergegeben: es geht um die perfekte Darstellung der Eigenschaften von Musik mit visuellen Ph\u00e4nomenen. Nach dem Kunststudium und Ver\u00f6ffentlichung einiger graphischer Editionen, begann er seine Leidenschaft f\u00fcr elektronische Musik zufriedenzustellen, indem er im Jahre 1984 sein erstes Kassettenexperiment startetet und ein Kassettenlabel gr\u00fcndet. Mit der Gr\u00fcndung von AG Geige im Jahr 1986, der erfolgreichen und einflussreichen Musikband der Underground Szene in Ostdeutschland, begann er mit den Austauschm\u00f6glichkeiten zwischen visuellen K\u00fcnsten und der Musik zu experimentieren. Das versuchte er mit mittels Film, Video oder Computergrafik. Nach dem Jahr 1989 produzierte Bretschneider weiterhin Musik und im Jahr 1996 war er Mittgr\u00fcnder des Plattenlabels Rastermsik (Raster-Noton seit 1999).<\/p>\n<p>&nbsp;<\/p>","protected":false},"excerpt":{"rendered":"<p>Frank Bretschneider\u00a0(geboren 1956) ist ein Berliner Musiker, Komponist und Videok\u00fcnstler bekannt f\u00fcr komplexe Rhythmusstrukturen, pr\u00e4zises Timing und verschachtelte Texturen und f\u00fcr seinen minimalen und fliesenden Zugang zur Musik. Bretschneiders subtile und detaillierte Musik wird durch seine Visualien wiedergegeben: es geht um die perfekte Darstellung der Eigenschaften von Musik mit visuellen Ph\u00e4nomenen. Nach dem Kunststudium und [&hellip;]<\/p>\n","protected":false},"author":1,"featured_media":224,"parent":218,"menu_order":0,"comment_status":"closed","ping_status":"closed","template":"people.php","meta":{"_FSMCFIC_featured_image_caption":"","_FSMCFIC_featured_image_nocaption":"","_FSMCFIC_featured_image_hide":""},"_links":{"self":[{"href":"http:\/\/heikealbrecht.net\/ha\/de\/wp-json\/wp\/v2\/pages\/223"}],"collection":[{"href":"http:\/\/heikealbrecht.net\/ha\/de\/wp-json\/wp\/v2\/pages"}],"about":[{"href":"http:\/\/heikealbrecht.net\/ha\/de\/wp-json\/wp\/v2\/types\/page"}],"author":[{"embeddable":true,"href":"http:\/\/heikealbrecht.net\/ha\/de\/wp-json\/wp\/v2\/users\/1"}],"replies":[{"embeddable":true,"href":"http:\/\/heikealbrecht.net\/ha\/de\/wp-json\/wp\/v2\/comments?post=223"}],"version-history":[{"count":3,"href":"http:\/\/heikealbrecht.net\/ha\/de\/wp-json\/wp\/v2\/pages\/223\/revisions"}],"predecessor-version":[{"id":236,"href":"http:\/\/heikealbrecht.net\/ha\/de\/wp-json\/wp\/v2\/pages\/223\/revisions\/236"}],"up":[{"embeddable":true,"href":"http:\/\/heikealbrecht.net\/ha\/de\/wp-json\/wp\/v2\/pages\/218"}],"wp:featuredmedia":[{"embeddable":true,"href":"http:\/\/heikealbrecht.net\/ha\/de\/wp-json\/wp\/v2\/media\/224"}],"wp:attachment":[{"href":"http:\/\/heikealbrecht.net\/ha\/de\/wp-json\/wp\/v2\/media?parent=223"}],"curies":[{"name":"wp","href":"https:\/\/api.w.org\/{rel}","templated":true}]}}